{"id":592,"date":"2019-04-15T07:48:13","date_gmt":"2019-04-15T07:48:13","guid":{"rendered":"http:\/\/www.vtmoodul.ee\/?page_id=592\/"},"modified":"2019-04-15T10:59:01","modified_gmt":"2019-04-15T10:59:01","slug":"cookiepolicy","status":"publish","type":"page","link":"https:\/\/www.vtmoodul.ee\/sv\/cookiepolicy\/","title":{"rendered":"COOKIEPOLICY"},"content":{"rendered":"<p>&nbsp;<\/p>\n<ol>\n<li>VAD \u00c4R COOKIES F\u00d6R N\u00c5GOT?<\/li>\n<\/ol>\n<p>En cookie (kaka) \u00e4r en liten textfil som lagras p\u00e5 din dator eller enhet n\u00e4r du bes\u00f6ker en webbplats. Den m\u00f6jligg\u00f6r att komma ih\u00e5g dina aktiviteter och preferenser (t ex inloggning, spr\u00e5k, inst\u00e4llningar osv) s\u00e5 att du inte beh\u00f6ver ange dem p\u00e5 nytt varje g\u00e5ng du bes\u00f6ker webbplatsen eller n\u00e4r du bl\u00e4ddrar mellan olika sidor.<\/p>\n<p>1.1. TEKNISKT N\u00d6DV\u00c4NDIGA COOKIES<\/p>\n<p>Denna typ av cookies \u00e4r n\u00f6dv\u00e4ndig f\u00f6r att webbplatsens huvudfunktioner ska kunna fungera. Webbplatsens viktiga delar kan inte anv\u00e4ndas utan dessa.<\/p>\n<p>1.2. FUNKTIONELLA COOKIES<\/p>\n<p>Denna typ av cookies anv\u00e4nds f\u00f6r att tillhandah\u00e5lla en kompletterande eller specialfunktionalitet och f\u00f6r att personalisera webbplatsen.<\/p>\n<p>1.3. ANALYTISKA COOKIES<\/p>\n<p>Denna typ av cookies m\u00f6jligg\u00f6r att samla information om webbplatsens bes\u00f6kare och om anv\u00e4ndning av webbplatsen. De m\u00f6jligg\u00f6r att m\u00e4ta och f\u00f6rb\u00e4ttra webbplatsens funktion. Informationen samlas i avpersonaliserad form.<\/p>\n<p>1.4. REKLAM- ELLER MARKNADSF\u00d6RINGSCOOKIES<\/p>\n<p>Denna typ av cookies m\u00f6jligg\u00f6r att rikta maximalt relevanta reklamer till webbplatsens bes\u00f6kare s\u00e5 att reklamen st\u00e4mmer \u00f6verens med dina intressen. De anv\u00e4nds \u00e4ven f\u00f6r m\u00e4tning av effektiviteten av reklamkampanjer. Denna typ av cookies m\u00f6jligg\u00f6r dessutom att bygga upp en profil om dig och att rikta anpassade reklamer till dig \u00e4ven p\u00e5 andra webbplatser. Informationen samlas i avpersonaliserad form.<\/p>\n<ol start=\"2\">\n<li>HANTERING AV COOKIES<\/li>\n<\/ol>\n<p>Du kan blockera cookies genom att aktivera vissa inst\u00e4llningar i din webbl\u00e4sare som m\u00f6jligg\u00f6r dig att v\u00e4gra installation av alla eller vissa cookies. Om du blockerar alla cookies med hj\u00e4lp av webbl\u00e4sarens inst\u00e4llningar (bl a tekniskt n\u00f6dv\u00e4ndiga och funktionella cookies) kan det h\u00e4nda att v\u00e5r webbplats eller dess funktioner blir helt eller delvis o\u00e5tkomliga.<\/p>\n<p>F\u00f6r n\u00e4rmare information om cookies samt hantering eller radering av cookies kan du bes\u00f6ka webbplatser www.allaboutcookies.org och www.youronlinechoices.com och se Hj\u00e4lp-menyn av din webbl\u00e4sare.<\/p>\n<ol start=\"3\">\n<li>\u00c4NDRINGAR I COOKIEPOLICYN<\/li>\n<\/ol>\n<p>Vi f\u00f6rbeh\u00e5ller oss r\u00e4tten att \u00e4ndra denna cookiepolicy n\u00e4r som helst. Den uppdaterade cookiepolicyn publiceras p\u00e5 v\u00e5r webbplats och vid behov s\u00e4tter vi \u00e4ven upp ett tydligt meddelande om \u00e4ndringarna p\u00e5 webbplatsen.<\/p>\n","protected":false},"excerpt":{"rendered":"<p>&nbsp; VAD \u00c4R COOKIES F\u00d6R N\u00c5GOT? En cookie (kaka) \u00e4r en liten textfil som lagras p\u00e5 din dator eller enhet n\u00e4r du bes\u00f6ker en webbplats. Den m\u00f6jligg\u00f6r att komma ih\u00e5g dina aktiviteter och preferenser (t ex inloggning, spr\u00e5k, inst\u00e4llningar osv) s\u00e5 att du inte beh\u00f6ver ange dem p\u00e5 nytt varje g\u00e5ng du bes\u00f6ker webbplatsen eller [&hellip;]<\/p>\n","protected":false},"author":5,"featured_media":0,"parent":0,"menu_order":0,"comment_status":"closed","ping_status":"closed","template":"","meta":{"footnotes":""},"class_list":["post-592","page","type-page","status-publish","hentry"],"yoast_head":"<!-- This site is optimized with the Yoast SEO plugin v23.5 - https:\/\/yoast.com\/wordpress\/plugins\/seo\/ -->\n<title>COOKIEPOLICY - VT Moodulid<\/title>\n<meta name=\"robots\" content=\"index, follow, max-snippet:-1, max-image-preview:large, max-video-preview:-1\" \/>\n<link rel=\"canonical\" href=\"https:\/\/vtmoodul.ee\/sv\/cookiepolicy\/\" \/>\n<meta property=\"og:locale\" content=\"sv_SE\" \/>\n<meta property=\"og:type\" content=\"article\" \/>\n<meta property=\"og:title\" content=\"COOKIEPOLICY - VT Moodulid\" \/>\n<meta property=\"og:description\" content=\"&nbsp; VAD \u00c4R COOKIES F\u00d6R N\u00c5GOT? En cookie (kaka) \u00e4r en liten textfil som lagras p\u00e5 din dator eller enhet n\u00e4r du bes\u00f6ker en webbplats. Den m\u00f6jligg\u00f6r att komma ih\u00e5g dina aktiviteter och preferenser (t ex inloggning, spr\u00e5k, inst\u00e4llningar osv) s\u00e5 att du inte beh\u00f6ver ange dem p\u00e5 nytt varje g\u00e5ng du bes\u00f6ker webbplatsen eller [&hellip;]\" \/>\n<meta property=\"og:url\" content=\"https:\/\/vtmoodul.ee\/sv\/cookiepolicy\/\" \/>\n<meta property=\"og:site_name\" content=\"VT Moodulid\" \/>\n<meta property=\"article:modified_time\" content=\"2019-04-15T10:59:01+00:00\" \/>\n<meta name=\"twitter:card\" content=\"summary_large_image\" \/>\n<meta name=\"twitter:label1\" content=\"Ber\u00e4knad l\u00e4stid\" \/>\n\t<meta name=\"twitter:data1\" content=\"2 minuter\" \/>\n<script type=\"application\/ld+json\" class=\"yoast-schema-graph\">{\"@context\":\"https:\/\/schema.org\",\"@graph\":[{\"@type\":\"WebPage\",\"@id\":\"https:\/\/vtmoodul.ee\/sv\/cookiepolicy\/\",\"url\":\"https:\/\/vtmoodul.ee\/sv\/cookiepolicy\/\",\"name\":\"COOKIEPOLICY - VT Moodulid\",\"isPartOf\":{\"@id\":\"https:\/\/vtmoodul.ee\/#website\"},\"datePublished\":\"2019-04-15T07:48:13+00:00\",\"dateModified\":\"2019-04-15T10:59:01+00:00\",\"breadcrumb\":{\"@id\":\"https:\/\/vtmoodul.ee\/sv\/cookiepolicy\/#breadcrumb\"},\"inLanguage\":\"sv-SE\",\"potentialAction\":[{\"@type\":\"ReadAction\",\"target\":[\"https:\/\/vtmoodul.ee\/sv\/cookiepolicy\/\"]}]},{\"@type\":\"BreadcrumbList\",\"@id\":\"https:\/\/vtmoodul.ee\/sv\/cookiepolicy\/#breadcrumb\",\"itemListElement\":[{\"@type\":\"ListItem\",\"position\":1,\"name\":\"Home\",\"item\":\"https:\/\/vtmoodul.ee\/sv\/\"},{\"@type\":\"ListItem\",\"position\":2,\"name\":\"COOKIEPOLICY\"}]},{\"@type\":\"WebSite\",\"@id\":\"https:\/\/vtmoodul.ee\/#website\",\"url\":\"https:\/\/vtmoodul.ee\/\",\"name\":\"VT Moodulid\",\"description\":\"Modular buildings from design to installation\",\"potentialAction\":[{\"@type\":\"SearchAction\",\"target\":{\"@type\":\"EntryPoint\",\"urlTemplate\":\"https:\/\/vtmoodul.ee\/?s={search_term_string}\"},\"query-input\":{\"@type\":\"PropertyValueSpecification\",\"valueRequired\":true,\"valueName\":\"search_term_string\"}}],\"inLanguage\":\"sv-SE\"}]}<\/script>\n<!-- \/ Yoast SEO plugin. -->","yoast_head_json":{"title":"COOKIEPOLICY - VT Moodulid","robots":{"index":"index","follow":"follow","max-snippet":"max-snippet:-1","max-image-preview":"max-image-preview:large","max-video-preview":"max-video-preview:-1"},"canonical":"https:\/\/vtmoodul.ee\/sv\/cookiepolicy\/","og_locale":"sv_SE","og_type":"article","og_title":"COOKIEPOLICY - VT Moodulid","og_description":"&nbsp; VAD \u00c4R COOKIES F\u00d6R N\u00c5GOT? En cookie (kaka) \u00e4r en liten textfil som lagras p\u00e5 din dator eller enhet n\u00e4r du bes\u00f6ker en webbplats. Den m\u00f6jligg\u00f6r att komma ih\u00e5g dina aktiviteter och preferenser (t ex inloggning, spr\u00e5k, inst\u00e4llningar osv) s\u00e5 att du inte beh\u00f6ver ange dem p\u00e5 nytt varje g\u00e5ng du bes\u00f6ker webbplatsen eller [&hellip;]","og_url":"https:\/\/vtmoodul.ee\/sv\/cookiepolicy\/","og_site_name":"VT Moodulid","article_modified_time":"2019-04-15T10:59:01+00:00","twitter_card":"summary_large_image","twitter_misc":{"Ber\u00e4knad l\u00e4stid":"2 minuter"},"schema":{"@context":"https:\/\/schema.org","@graph":[{"@type":"WebPage","@id":"https:\/\/vtmoodul.ee\/sv\/cookiepolicy\/","url":"https:\/\/vtmoodul.ee\/sv\/cookiepolicy\/","name":"COOKIEPOLICY - VT Moodulid","isPartOf":{"@id":"https:\/\/vtmoodul.ee\/#website"},"datePublished":"2019-04-15T07:48:13+00:00","dateModified":"2019-04-15T10:59:01+00:00","breadcrumb":{"@id":"https:\/\/vtmoodul.ee\/sv\/cookiepolicy\/#breadcrumb"},"inLanguage":"sv-SE","potentialAction":[{"@type":"ReadAction","target":["https:\/\/vtmoodul.ee\/sv\/cookiepolicy\/"]}]},{"@type":"BreadcrumbList","@id":"https:\/\/vtmoodul.ee\/sv\/cookiepolicy\/#breadcrumb","itemListElement":[{"@type":"ListItem","position":1,"name":"Home","item":"https:\/\/vtmoodul.ee\/sv\/"},{"@type":"ListItem","position":2,"name":"COOKIEPOLICY"}]},{"@type":"WebSite","@id":"https:\/\/vtmoodul.ee\/#website","url":"https:\/\/vtmoodul.ee\/","name":"VT Moodulid","description":"Modular buildings from design to installation","potentialAction":[{"@type":"SearchAction","target":{"@type":"EntryPoint","urlTemplate":"https:\/\/vtmoodul.ee\/?s={search_term_string}"},"query-input":{"@type":"PropertyValueSpecification","valueRequired":true,"valueName":"search_term_string"}}],"inLanguage":"sv-SE"}]}},"_links":{"self":[{"href":"https:\/\/www.vtmoodul.ee\/sv\/wp-json\/wp\/v2\/pages\/592"}],"collection":[{"href":"https:\/\/www.vtmoodul.ee\/sv\/wp-json\/wp\/v2\/pages"}],"about":[{"href":"https:\/\/www.vtmoodul.ee\/sv\/wp-json\/wp\/v2\/types\/page"}],"author":[{"embeddable":true,"href":"https:\/\/www.vtmoodul.ee\/sv\/wp-json\/wp\/v2\/users\/5"}],"replies":[{"embeddable":true,"href":"https:\/\/www.vtmoodul.ee\/sv\/wp-json\/wp\/v2\/comments?post=592"}],"version-history":[{"count":1,"href":"https:\/\/www.vtmoodul.ee\/sv\/wp-json\/wp\/v2\/pages\/592\/revisions"}],"predecessor-version":[{"id":593,"href":"https:\/\/www.vtmoodul.ee\/sv\/wp-json\/wp\/v2\/pages\/592\/revisions\/593"}],"wp:attachment":[{"href":"https:\/\/www.vtmoodul.ee\/sv\/wp-json\/wp\/v2\/media?parent=592"}],"curies":[{"name":"wp","href":"https:\/\/api.w.org\/{rel}","templated":true}]}}