{"id":1362,"date":"2026-04-17T11:05:36","date_gmt":"2026-04-17T11:05:36","guid":{"rendered":"https:\/\/vtmoodul.ee\/ruostumaton-teras\/"},"modified":"2026-04-22T05:40:59","modified_gmt":"2026-04-22T05:40:59","slug":"rostfritt-stal","status":"publish","type":"page","link":"https:\/\/www.vtmoodul.ee\/sv\/rostfritt-stal\/","title":{"rendered":"Rostfritt st\u00e5l"},"content":{"rendered":"<p><b>Tj\u00e4nster \/ Vad vi erbjuder<br \/>\n<\/b>Vi tillverkar kundanpassad utrustning i rostfritt och syrafast st\u00e5l f\u00f6r lagring av v\u00e4tskor samt f\u00f6r varm- och kallbearbetning.<\/p>\n<ul type=\"DISC\">\n<li>Blandningsbeh\u00e5llare<\/li>\n<li>Vattenbeh\u00e5llare<\/li>\n<li>Tryckk\u00e4rl, beh\u00e5llare och tankar<\/li>\n<li>Rostfria beh\u00e5llare (med plan eller konisk botten)<\/li>\n<li>R\u00f6rsystem<\/li>\n<li>Gaskanaler<\/li>\n<li>Plattformar, trappor, handledare och skyddsr\u00e4cken<\/li>\n<li>Blandarskruvar<\/li>\n<\/ul>\n<p><b>Till\u00e4ggstj\u00e4nster:<\/b><\/p>\n<ul type=\"DISC\">\n<li>Projektering och konstruktion<\/li>\n<li>H\u00e5llfasthetsber\u00e4kningar<\/li>\n<li>Utveckling av reng\u00f6ringsl\u00f6sningar f\u00f6r pannor och beh\u00e5llare<\/li>\n<li>Installation av utrustning och konstruktioner<\/li>\n<\/ul>\n<hr size=\"1\" \/>\n<p><strong>Ytbehandling<\/strong><br \/>\nV\u00e5r styrka ligger i manuell ytbehandling av metall. Vi utf\u00f6r slipning, borstning, betning och polering f\u00f6r hand \u2013 p\u00e5 allt fr\u00e5n sm\u00e5 detaljer till stora och tung utrustning.<\/p>\n<p><b>Ytbehandlingstj\u00e4nster:<\/b><\/p>\n<ul type=\"DISC\">\n<li>Slipning och polering<\/li>\n<li>Betning (med sprutbetningsteknik)<\/li>\n<li>Mekanisk och automatiserad ytbehandling enligt produktkrav<\/li>\n<\/ul>\n<hr size=\"1\" \/>\n<p><strong>Branscher<\/strong><br \/>\nV\u00e5ra produkter och l\u00f6sningar anv\u00e4nds i stor utstr\u00e4ckning inom:<\/p>\n<ul type=\"DISC\">\n<li>Lantbruk<\/li>\n<li>Vattenrening<\/li>\n<li>Livsmedelsindustri<\/li>\n<li>Dryckesindustri<\/li>\n<li>Medicinteknik<\/li>\n<li>Byggindustri<\/li>\n<li>Sj\u00f6fart<\/li>\n<\/ul>\n","protected":false},"excerpt":{"rendered":"<p>Tj\u00e4nster \/ Vad vi erbjuder Vi tillverkar kundanpassad utrustning i rostfritt och syrafast st\u00e5l f\u00f6r lagring av v\u00e4tskor samt f\u00f6r varm- och kallbearbetning. Blandningsbeh\u00e5llare Vattenbeh\u00e5llare Tryckk\u00e4rl, beh\u00e5llare och tankar Rostfria beh\u00e5llare (med plan eller konisk botten) R\u00f6rsystem Gaskanaler Plattformar, trappor, handledare och skyddsr\u00e4cken Blandarskruvar Till\u00e4ggstj\u00e4nster: Projektering och konstruktion H\u00e5llfasthetsber\u00e4kningar Utveckling av reng\u00f6ringsl\u00f6sningar f\u00f6r pannor och [&hellip;]<\/p>\n","protected":false},"author":5,"featured_media":0,"parent":0,"menu_order":0,"comment_status":"closed","ping_status":"closed","template":"custom-templates\/metal-works.php","meta":{"footnotes":""},"class_list":["post-1362","page","type-page","status-publish","hentry"],"yoast_head":"<!-- This site is optimized with the Yoast SEO plugin v23.5 - https:\/\/yoast.com\/wordpress\/plugins\/seo\/ -->\n<title>Toodame keerulisi metalltooteid ning konstruktsioone - VT Moodul<\/title>\n<meta name=\"description\" content=\"Lisaks kvaliteetsele t\u00f6\u00f6le, paindlikele tingimustele ja innovaatilistele lahendustele on meie eeliseks kiire tarne projekteerimisest paigalduseni.\" \/>\n<meta name=\"robots\" content=\"index, follow, max-snippet:-1, max-image-preview:large, max-video-preview:-1\" \/>\n<link rel=\"canonical\" href=\"https:\/\/vtmoodul.ee\/sv\/rostfritt-stal\/\" \/>\n<meta property=\"og:locale\" content=\"sv_SE\" \/>\n<meta property=\"og:type\" content=\"article\" \/>\n<meta property=\"og:title\" content=\"Toodame keerulisi metalltooteid ning konstruktsioone - VT Moodul\" \/>\n<meta property=\"og:description\" content=\"Lisaks kvaliteetsele t\u00f6\u00f6le, paindlikele tingimustele ja innovaatilistele lahendustele on meie eeliseks kiire tarne projekteerimisest paigalduseni.\" \/>\n<meta property=\"og:url\" content=\"https:\/\/vtmoodul.ee\/sv\/rostfritt-stal\/\" \/>\n<meta property=\"og:site_name\" content=\"VT Moodulid\" \/>\n<meta property=\"article:modified_time\" content=\"2026-04-22T05:40:59+00:00\" \/>\n<meta property=\"og:image\" content=\"http:\/\/vtmoodul.ee\/static\/2017\/02\/vtmoodul.jpg\" \/>\n<meta name=\"twitter:card\" content=\"summary_large_image\" \/>\n<meta name=\"twitter:label1\" content=\"Ber\u00e4knad l\u00e4stid\" \/>\n\t<meta name=\"twitter:data1\" content=\"1 minut\" \/>\n<script type=\"application\/ld+json\" class=\"yoast-schema-graph\">{\"@context\":\"https:\/\/schema.org\",\"@graph\":[{\"@type\":\"WebPage\",\"@id\":\"https:\/\/vtmoodul.ee\/sv\/rostfritt-stal\/\",\"url\":\"https:\/\/vtmoodul.ee\/sv\/rostfritt-stal\/\",\"name\":\"Toodame keerulisi metalltooteid ning konstruktsioone - VT Moodul\",\"isPartOf\":{\"@id\":\"https:\/\/vtmoodul.ee\/#website\"},\"datePublished\":\"2026-04-17T11:05:36+00:00\",\"dateModified\":\"2026-04-22T05:40:59+00:00\",\"description\":\"Lisaks kvaliteetsele t\u00f6\u00f6le, paindlikele tingimustele ja innovaatilistele lahendustele on meie eeliseks kiire tarne projekteerimisest paigalduseni.\",\"breadcrumb\":{\"@id\":\"https:\/\/vtmoodul.ee\/sv\/rostfritt-stal\/#breadcrumb\"},\"inLanguage\":\"sv-SE\",\"potentialAction\":[{\"@type\":\"ReadAction\",\"target\":[\"https:\/\/vtmoodul.ee\/sv\/rostfritt-stal\/\"]}]},{\"@type\":\"BreadcrumbList\",\"@id\":\"https:\/\/vtmoodul.ee\/sv\/rostfritt-stal\/#breadcrumb\",\"itemListElement\":[{\"@type\":\"ListItem\",\"position\":1,\"name\":\"Home\",\"item\":\"https:\/\/vtmoodul.ee\/sv\/\"},{\"@type\":\"ListItem\",\"position\":2,\"name\":\"Rostfritt st\u00e5l\"}]},{\"@type\":\"WebSite\",\"@id\":\"https:\/\/vtmoodul.ee\/#website\",\"url\":\"https:\/\/vtmoodul.ee\/\",\"name\":\"VT Moodulid\",\"description\":\"Modular buildings from design to installation\",\"potentialAction\":[{\"@type\":\"SearchAction\",\"target\":{\"@type\":\"EntryPoint\",\"urlTemplate\":\"https:\/\/vtmoodul.ee\/?s={search_term_string}\"},\"query-input\":{\"@type\":\"PropertyValueSpecification\",\"valueRequired\":true,\"valueName\":\"search_term_string\"}}],\"inLanguage\":\"sv-SE\"}]}<\/script>\n<!-- \/ Yoast SEO plugin. -->","yoast_head_json":{"title":"Toodame keerulisi metalltooteid ning konstruktsioone - VT Moodul","description":"Lisaks kvaliteetsele t\u00f6\u00f6le, paindlikele tingimustele ja innovaatilistele lahendustele on meie eeliseks kiire tarne projekteerimisest paigalduseni.","robots":{"index":"index","follow":"follow","max-snippet":"max-snippet:-1","max-image-preview":"max-image-preview:large","max-video-preview":"max-video-preview:-1"},"canonical":"https:\/\/vtmoodul.ee\/sv\/rostfritt-stal\/","og_locale":"sv_SE","og_type":"article","og_title":"Toodame keerulisi metalltooteid ning konstruktsioone - VT Moodul","og_description":"Lisaks kvaliteetsele t\u00f6\u00f6le, paindlikele tingimustele ja innovaatilistele lahendustele on meie eeliseks kiire tarne projekteerimisest paigalduseni.","og_url":"https:\/\/vtmoodul.ee\/sv\/rostfritt-stal\/","og_site_name":"VT Moodulid","article_modified_time":"2026-04-22T05:40:59+00:00","og_image":[{"url":"http:\/\/vtmoodul.ee\/static\/2017\/02\/vtmoodul.jpg"}],"twitter_card":"summary_large_image","twitter_misc":{"Ber\u00e4knad l\u00e4stid":"1 minut"},"schema":{"@context":"https:\/\/schema.org","@graph":[{"@type":"WebPage","@id":"https:\/\/vtmoodul.ee\/sv\/rostfritt-stal\/","url":"https:\/\/vtmoodul.ee\/sv\/rostfritt-stal\/","name":"Toodame keerulisi metalltooteid ning konstruktsioone - VT Moodul","isPartOf":{"@id":"https:\/\/vtmoodul.ee\/#website"},"datePublished":"2026-04-17T11:05:36+00:00","dateModified":"2026-04-22T05:40:59+00:00","description":"Lisaks kvaliteetsele t\u00f6\u00f6le, paindlikele tingimustele ja innovaatilistele lahendustele on meie eeliseks kiire tarne projekteerimisest paigalduseni.","breadcrumb":{"@id":"https:\/\/vtmoodul.ee\/sv\/rostfritt-stal\/#breadcrumb"},"inLanguage":"sv-SE","potentialAction":[{"@type":"ReadAction","target":["https:\/\/vtmoodul.ee\/sv\/rostfritt-stal\/"]}]},{"@type":"BreadcrumbList","@id":"https:\/\/vtmoodul.ee\/sv\/rostfritt-stal\/#breadcrumb","itemListElement":[{"@type":"ListItem","position":1,"name":"Home","item":"https:\/\/vtmoodul.ee\/sv\/"},{"@type":"ListItem","position":2,"name":"Rostfritt st\u00e5l"}]},{"@type":"WebSite","@id":"https:\/\/vtmoodul.ee\/#website","url":"https:\/\/vtmoodul.ee\/","name":"VT Moodulid","description":"Modular buildings from design to installation","potentialAction":[{"@type":"SearchAction","target":{"@type":"EntryPoint","urlTemplate":"https:\/\/vtmoodul.ee\/?s={search_term_string}"},"query-input":{"@type":"PropertyValueSpecification","valueRequired":true,"valueName":"search_term_string"}}],"inLanguage":"sv-SE"}]}},"_links":{"self":[{"href":"https:\/\/www.vtmoodul.ee\/sv\/wp-json\/wp\/v2\/pages\/1362"}],"collection":[{"href":"https:\/\/www.vtmoodul.ee\/sv\/wp-json\/wp\/v2\/pages"}],"about":[{"href":"https:\/\/www.vtmoodul.ee\/sv\/wp-json\/wp\/v2\/types\/page"}],"author":[{"embeddable":true,"href":"https:\/\/www.vtmoodul.ee\/sv\/wp-json\/wp\/v2\/users\/5"}],"replies":[{"embeddable":true,"href":"https:\/\/www.vtmoodul.ee\/sv\/wp-json\/wp\/v2\/comments?post=1362"}],"version-history":[{"count":3,"href":"https:\/\/www.vtmoodul.ee\/sv\/wp-json\/wp\/v2\/pages\/1362\/revisions"}],"predecessor-version":[{"id":1367,"href":"https:\/\/www.vtmoodul.ee\/sv\/wp-json\/wp\/v2\/pages\/1362\/revisions\/1367"}],"wp:attachment":[{"href":"https:\/\/www.vtmoodul.ee\/sv\/wp-json\/wp\/v2\/media?parent=1362"}],"curies":[{"name":"wp","href":"https:\/\/api.w.org\/{rel}","templated":true}]}}