{"id":1358,"date":"2026-04-17T11:05:36","date_gmt":"2026-04-17T11:05:36","guid":{"rendered":"https:\/\/vtmoodul.ee\/stainless-steel\/"},"modified":"2026-04-22T05:41:16","modified_gmt":"2026-04-22T05:41:16","slug":"ruostumaton-teras","status":"publish","type":"page","link":"https:\/\/www.vtmoodul.ee\/fi\/ruostumaton-teras\/","title":{"rendered":"Ruostumaton ter\u00e4s"},"content":{"rendered":"<p><b>Palvelut \/ Mit\u00e4 tarjoamme:<\/b><br \/>\nValmistamme asiakkaan tilauksesta ruostumattomasta ja haponkest\u00e4v\u00e4st\u00e4 ter\u00e4ksest\u00e4 laitteita nesteiden varastointiin sek\u00e4 kuuma- ja kylm\u00e4k\u00e4sittelyyn.<\/p>\n<ul type=\"DISC\">\n<li>Sekoituss\u00e4ili\u00f6t<\/li>\n<li>S\u00e4iliot<\/li>\n<li>Paines\u00e4ili\u00f6t<\/li>\n<li>Ruostumattomasta ter\u00e4ksest\u00e4 valmistetut s\u00e4ili\u00f6t (tasainen tai kartiomainen pohja)<\/li>\n<li>Putkistot<\/li>\n<li>Kaasukanavat<\/li>\n<li>Tasot, portaat, k\u00e4sijohteet ja suojakaiteet<\/li>\n<li>Sekoitusruuvit<\/li>\n<\/ul>\n<p><b>Lis\u00e4palvelut:<\/b><\/p>\n<ul type=\"DISC\">\n<li>Suunnittelu<\/li>\n<li>Lujuuslaskelmat<\/li>\n<li>Kattiloiden ja s\u00e4ili\u00f6iden pesuratkaisujen kehitt\u00e4minen<\/li>\n<li>Laitteiden ja rakenteiden asennus<\/li>\n<\/ul>\n<hr size=\"1\" \/>\n<p><strong>Pintak\u00e4sittely<\/strong><br \/>\nVahvuutemme on metallin manuaalinen pintak\u00e4sittely. Suoritamme k\u00e4sin hiontaa, harjausta, peittausta ja kiillotusta sek\u00e4 pienille komponenteille ett\u00e4 suurikokoisille ja raskaille laitteille.<\/p>\n<p><b>Pintak\u00e4sittelypalvelut:<\/b><\/p>\n<ul type=\"DISC\">\n<li>Hionta ja kiillotus<\/li>\n<li>Peittaus (ruiskupeittausteknologia)<\/li>\n<li>Mekaaninen ja automaattinen pintak\u00e4sittely tuotteen vaatimusten mukaisesti<\/li>\n<\/ul>\n<hr size=\"1\" \/>\n<p><strong>Toimialat<\/strong><br \/>\nTuotteitamme ja ratkaisujamme k\u00e4ytet\u00e4\u00e4n laajasti:<\/p>\n<ul type=\"DISC\">\n<li>Maatalous<\/li>\n<li>Vedenk\u00e4sittely<\/li>\n<li>Elintarviketeollisuus<\/li>\n<li>L\u00e4\u00e4ketiede<\/li>\n<li>Rakennus<\/li>\n<li>Laivanrakennus<\/li>\n<\/ul>\n","protected":false},"excerpt":{"rendered":"<p>Palvelut \/ Mit\u00e4 tarjoamme: Valmistamme asiakkaan tilauksesta ruostumattomasta ja haponkest\u00e4v\u00e4st\u00e4 ter\u00e4ksest\u00e4 laitteita nesteiden varastointiin sek\u00e4 kuuma- ja kylm\u00e4k\u00e4sittelyyn. Sekoituss\u00e4ili\u00f6t S\u00e4iliot Paines\u00e4ili\u00f6t Ruostumattomasta ter\u00e4ksest\u00e4 valmistetut s\u00e4ili\u00f6t (tasainen tai kartiomainen pohja) Putkistot Kaasukanavat Tasot, portaat, k\u00e4sijohteet ja suojakaiteet Sekoitusruuvit Lis\u00e4palvelut: Suunnittelu Lujuuslaskelmat Kattiloiden ja s\u00e4ili\u00f6iden pesuratkaisujen kehitt\u00e4minen Laitteiden ja rakenteiden asennus Pintak\u00e4sittely Vahvuutemme on metallin manuaalinen pintak\u00e4sittely. [&hellip;]<\/p>\n","protected":false},"author":5,"featured_media":0,"parent":0,"menu_order":0,"comment_status":"closed","ping_status":"closed","template":"custom-templates\/metal-works.php","meta":{"footnotes":""},"class_list":["post-1358","page","type-page","status-publish","hentry"],"yoast_head":"<!-- This site is optimized with the Yoast SEO plugin v23.5 - https:\/\/yoast.com\/wordpress\/plugins\/seo\/ -->\n<title>Toodame keerulisi metalltooteid ning konstruktsioone - VT Moodul<\/title>\n<meta name=\"description\" content=\"Lisaks kvaliteetsele t\u00f6\u00f6le, paindlikele tingimustele ja innovaatilistele lahendustele on meie eeliseks kiire tarne projekteerimisest paigalduseni.\" \/>\n<meta name=\"robots\" content=\"index, follow, max-snippet:-1, max-image-preview:large, max-video-preview:-1\" \/>\n<link rel=\"canonical\" href=\"https:\/\/vtmoodul.ee\/fi\/ruostumaton-teras\/\" \/>\n<meta property=\"og:locale\" content=\"fi_FI\" \/>\n<meta property=\"og:type\" content=\"article\" \/>\n<meta property=\"og:title\" content=\"Toodame keerulisi metalltooteid ning konstruktsioone - VT Moodul\" \/>\n<meta property=\"og:description\" content=\"Lisaks kvaliteetsele t\u00f6\u00f6le, paindlikele tingimustele ja innovaatilistele lahendustele on meie eeliseks kiire tarne projekteerimisest paigalduseni.\" \/>\n<meta property=\"og:url\" content=\"https:\/\/vtmoodul.ee\/fi\/ruostumaton-teras\/\" \/>\n<meta property=\"og:site_name\" content=\"VT Moodulid\" \/>\n<meta property=\"article:modified_time\" content=\"2026-04-22T05:41:16+00:00\" \/>\n<meta property=\"og:image\" content=\"http:\/\/vtmoodul.ee\/static\/2017\/02\/vtmoodul.jpg\" \/>\n<meta name=\"twitter:card\" content=\"summary_large_image\" \/>\n<meta name=\"twitter:label1\" content=\"Est. reading time\" \/>\n\t<meta name=\"twitter:data1\" content=\"1 minute\" \/>\n<script type=\"application\/ld+json\" class=\"yoast-schema-graph\">{\"@context\":\"https:\/\/schema.org\",\"@graph\":[{\"@type\":\"WebPage\",\"@id\":\"https:\/\/vtmoodul.ee\/fi\/ruostumaton-teras\/\",\"url\":\"https:\/\/vtmoodul.ee\/fi\/ruostumaton-teras\/\",\"name\":\"Toodame keerulisi metalltooteid ning konstruktsioone - VT Moodul\",\"isPartOf\":{\"@id\":\"https:\/\/vtmoodul.ee\/#website\"},\"datePublished\":\"2026-04-17T11:05:36+00:00\",\"dateModified\":\"2026-04-22T05:41:16+00:00\",\"description\":\"Lisaks kvaliteetsele t\u00f6\u00f6le, paindlikele tingimustele ja innovaatilistele lahendustele on meie eeliseks kiire tarne projekteerimisest paigalduseni.\",\"breadcrumb\":{\"@id\":\"https:\/\/vtmoodul.ee\/fi\/ruostumaton-teras\/#breadcrumb\"},\"inLanguage\":\"fi-FI\",\"potentialAction\":[{\"@type\":\"ReadAction\",\"target\":[\"https:\/\/vtmoodul.ee\/fi\/ruostumaton-teras\/\"]}]},{\"@type\":\"BreadcrumbList\",\"@id\":\"https:\/\/vtmoodul.ee\/fi\/ruostumaton-teras\/#breadcrumb\",\"itemListElement\":[{\"@type\":\"ListItem\",\"position\":1,\"name\":\"Home\",\"item\":\"https:\/\/vtmoodul.ee\/fi\/\"},{\"@type\":\"ListItem\",\"position\":2,\"name\":\"Ruostumaton ter\u00e4s\"}]},{\"@type\":\"WebSite\",\"@id\":\"https:\/\/vtmoodul.ee\/#website\",\"url\":\"https:\/\/vtmoodul.ee\/\",\"name\":\"VT Moodulid\",\"description\":\"Modular buildings from design to installation\",\"potentialAction\":[{\"@type\":\"SearchAction\",\"target\":{\"@type\":\"EntryPoint\",\"urlTemplate\":\"https:\/\/vtmoodul.ee\/?s={search_term_string}\"},\"query-input\":{\"@type\":\"PropertyValueSpecification\",\"valueRequired\":true,\"valueName\":\"search_term_string\"}}],\"inLanguage\":\"fi-FI\"}]}<\/script>\n<!-- \/ Yoast SEO plugin. -->","yoast_head_json":{"title":"Toodame keerulisi metalltooteid ning konstruktsioone - VT Moodul","description":"Lisaks kvaliteetsele t\u00f6\u00f6le, paindlikele tingimustele ja innovaatilistele lahendustele on meie eeliseks kiire tarne projekteerimisest paigalduseni.","robots":{"index":"index","follow":"follow","max-snippet":"max-snippet:-1","max-image-preview":"max-image-preview:large","max-video-preview":"max-video-preview:-1"},"canonical":"https:\/\/vtmoodul.ee\/fi\/ruostumaton-teras\/","og_locale":"fi_FI","og_type":"article","og_title":"Toodame keerulisi metalltooteid ning konstruktsioone - VT Moodul","og_description":"Lisaks kvaliteetsele t\u00f6\u00f6le, paindlikele tingimustele ja innovaatilistele lahendustele on meie eeliseks kiire tarne projekteerimisest paigalduseni.","og_url":"https:\/\/vtmoodul.ee\/fi\/ruostumaton-teras\/","og_site_name":"VT Moodulid","article_modified_time":"2026-04-22T05:41:16+00:00","og_image":[{"url":"http:\/\/vtmoodul.ee\/static\/2017\/02\/vtmoodul.jpg"}],"twitter_card":"summary_large_image","twitter_misc":{"Est. reading time":"1 minute"},"schema":{"@context":"https:\/\/schema.org","@graph":[{"@type":"WebPage","@id":"https:\/\/vtmoodul.ee\/fi\/ruostumaton-teras\/","url":"https:\/\/vtmoodul.ee\/fi\/ruostumaton-teras\/","name":"Toodame keerulisi metalltooteid ning konstruktsioone - VT Moodul","isPartOf":{"@id":"https:\/\/vtmoodul.ee\/#website"},"datePublished":"2026-04-17T11:05:36+00:00","dateModified":"2026-04-22T05:41:16+00:00","description":"Lisaks kvaliteetsele t\u00f6\u00f6le, paindlikele tingimustele ja innovaatilistele lahendustele on meie eeliseks kiire tarne projekteerimisest paigalduseni.","breadcrumb":{"@id":"https:\/\/vtmoodul.ee\/fi\/ruostumaton-teras\/#breadcrumb"},"inLanguage":"fi-FI","potentialAction":[{"@type":"ReadAction","target":["https:\/\/vtmoodul.ee\/fi\/ruostumaton-teras\/"]}]},{"@type":"BreadcrumbList","@id":"https:\/\/vtmoodul.ee\/fi\/ruostumaton-teras\/#breadcrumb","itemListElement":[{"@type":"ListItem","position":1,"name":"Home","item":"https:\/\/vtmoodul.ee\/fi\/"},{"@type":"ListItem","position":2,"name":"Ruostumaton ter\u00e4s"}]},{"@type":"WebSite","@id":"https:\/\/vtmoodul.ee\/#website","url":"https:\/\/vtmoodul.ee\/","name":"VT Moodulid","description":"Modular buildings from design to installation","potentialAction":[{"@type":"SearchAction","target":{"@type":"EntryPoint","urlTemplate":"https:\/\/vtmoodul.ee\/?s={search_term_string}"},"query-input":{"@type":"PropertyValueSpecification","valueRequired":true,"valueName":"search_term_string"}}],"inLanguage":"fi-FI"}]}},"_links":{"self":[{"href":"https:\/\/www.vtmoodul.ee\/fi\/wp-json\/wp\/v2\/pages\/1358"}],"collection":[{"href":"https:\/\/www.vtmoodul.ee\/fi\/wp-json\/wp\/v2\/pages"}],"about":[{"href":"https:\/\/www.vtmoodul.ee\/fi\/wp-json\/wp\/v2\/types\/page"}],"author":[{"embeddable":true,"href":"https:\/\/www.vtmoodul.ee\/fi\/wp-json\/wp\/v2\/users\/5"}],"replies":[{"embeddable":true,"href":"https:\/\/www.vtmoodul.ee\/fi\/wp-json\/wp\/v2\/comments?post=1358"}],"version-history":[{"count":4,"href":"https:\/\/www.vtmoodul.ee\/fi\/wp-json\/wp\/v2\/pages\/1358\/revisions"}],"predecessor-version":[{"id":1368,"href":"https:\/\/www.vtmoodul.ee\/fi\/wp-json\/wp\/v2\/pages\/1358\/revisions\/1368"}],"wp:attachment":[{"href":"https:\/\/www.vtmoodul.ee\/fi\/wp-json\/wp\/v2\/media?parent=1358"}],"curies":[{"name":"wp","href":"https:\/\/api.w.org\/{rel}","templated":true}]}}